{"id":1232,"date":"2019-01-15T10:51:42","date_gmt":"2019-01-15T10:51:42","guid":{"rendered":"http:\/\/cleinvest.fi\/startsida\/"},"modified":"2019-10-02T05:45:46","modified_gmt":"2019-10-02T05:45:46","slug":"startsida","status":"publish","type":"page","link":"https:\/\/cleinvest.fi\/en\/","title":{"rendered":"Front page"},"content":{"rendered":"<h1 class=\"wp-block-heading\" style=\"text-align:center\">Ecological weeding solutions<\/h1>\n<div class=\"wp-block-columns has-3-columns is-layout-flex wp-container-core-columns-is-layout-9d6595d7 wp-block-columns-is-layout-flex\">\n<div class=\"wp-block-column is-layout-flow wp-block-column-is-layout-flow\">\n<figure class=\"wp-block-image alignwide\"><img loading=\"lazy\" decoding=\"async\" width=\"500\" height=\"500\" src=\"http:\/\/cleinvest.fi\/wp-content\/uploads\/2019\/01\/cle_water.png\" alt=\"\" class=\"wp-image-325\" srcset=\"https:\/\/cleinvest.fi\/wp-content\/uploads\/2019\/01\/cle_water.png 500w, https:\/\/cleinvest.fi\/wp-content\/uploads\/2019\/01\/cle_water-150x150.png 150w, https:\/\/cleinvest.fi\/wp-content\/uploads\/2019\/01\/cle_water-300x300.png 300w, https:\/\/cleinvest.fi\/wp-content\/uploads\/2019\/01\/cle_water-200x200.png 200w\" sizes=\"auto, (max-width: 500px) 100vw, 500px\" \/><\/figure>\n<h2 class=\"wp-block-heading\" style=\"text-align:center\">HOT WATER<\/h2>\n<\/div>\n<div class=\"wp-block-column is-layout-flow wp-block-column-is-layout-flow\">\n<figure class=\"wp-block-image alignwide\"><img loading=\"lazy\" decoding=\"async\" width=\"500\" height=\"500\" src=\"http:\/\/cleinvest.fi\/wp-content\/uploads\/2019\/01\/cle_fire.png\" alt=\"\" class=\"wp-image-331\" srcset=\"https:\/\/cleinvest.fi\/wp-content\/uploads\/2019\/01\/cle_fire.png 500w, https:\/\/cleinvest.fi\/wp-content\/uploads\/2019\/01\/cle_fire-150x150.png 150w, https:\/\/cleinvest.fi\/wp-content\/uploads\/2019\/01\/cle_fire-300x300.png 300w, https:\/\/cleinvest.fi\/wp-content\/uploads\/2019\/01\/cle_fire-200x200.png 200w\" sizes=\"auto, (max-width: 500px) 100vw, 500px\" \/><\/figure>\n<h2 class=\"wp-block-heading\" style=\"text-align:center\">HEAT<\/h2>\n<\/div>\n<div class=\"wp-block-column is-layout-flow wp-block-column-is-layout-flow\">\n<figure class=\"wp-block-image alignwide\"><img decoding=\"async\" src=\"http:\/\/cleinvest.fi\/wp-content\/uploads\/2019\/01\/cle_mechanic.png\" alt=\"\" class=\"wp-image-328\"\/><\/figure>\n<h2 class=\"wp-block-heading\" style=\"text-align:center\">MECHANICAL<\/h2>\n<\/div>\n<\/div>\n<div style=\"height:80px\" aria-hidden=\"true\" class=\"wp-block-spacer\"><\/div>\n<div class=\"wp-block-columns alignwide has-3-columns is-layout-flex wp-container-core-columns-is-layout-9d6595d7 wp-block-columns-is-layout-flex\">\n<div class=\"wp-block-column is-layout-flow wp-block-column-is-layout-flow\">\n<div class=\"wp-block-image\">\n<figure class=\"aligncenter\"><img loading=\"lazy\" decoding=\"async\" width=\"1024\" height=\"462\" src=\"https:\/\/cleinvest.fi\/wp-content\/uploads\/2019\/09\/logo-2-1024x462.png\" alt=\"Oeliatec\" class=\"wp-image-1927\" srcset=\"https:\/\/cleinvest.fi\/wp-content\/uploads\/2019\/09\/logo-2-1024x462.png 1024w, https:\/\/cleinvest.fi\/wp-content\/uploads\/2019\/09\/logo-2-300x135.png 300w, https:\/\/cleinvest.fi\/wp-content\/uploads\/2019\/09\/logo-2-768x347.png 768w, https:\/\/cleinvest.fi\/wp-content\/uploads\/2019\/09\/logo-2-1200x542.png 1200w, https:\/\/cleinvest.fi\/wp-content\/uploads\/2019\/09\/logo-2-800x361.png 800w, https:\/\/cleinvest.fi\/wp-content\/uploads\/2019\/09\/logo-2-500x226.png 500w, https:\/\/cleinvest.fi\/wp-content\/uploads\/2019\/09\/logo-2.png 1334w\" sizes=\"auto, (max-width: 1024px) 100vw, 1024px\" \/><\/figure>\n<\/div>\n<p>Environmental issues have always been at the heart of my concerns. So when the opportunity to implement solutions in line with these concerns came up seven years ago, I created OELIATEC.<\/p>\n<p>Engineer of training and trade, I could note in the frame of my past activity the cruel lack of existing solutions in the field of ecological weeding.<\/p>\n<p>Houat, Ho\u00ebdic, Belle-\u00cele&#8230; Out machines all bear the name of Brittany&#8217;s islands. Beyond its wish to act in favour of the environment, OELIATEC is a company deeply attached to its Brittany&#8217;s roots. Made in Brittany is the essence of our brand. We would never have been able to achieve this result without the association of people from the region: partners, technicians or distributors.<\/p>\n<p>It is our way to salute the men and the territory for which and with which we have been working since the beginning of this adventure.<\/p>\n<p><em>Jean-Pierre Barre, founder and manager of OELIATEC<\/em><\/p>\n<p>Website:<br \/> <a href=\"https:\/\/oeliatec.com\">https:\/\/oeliatec.com<\/a> <\/p>\n<\/div>\n<div class=\"wp-block-column is-layout-flow wp-block-column-is-layout-flow\">\n<div class=\"wp-block-image\">\n<figure class=\"aligncenter\"><img decoding=\"async\" src=\"http:\/\/cleinvest.fi\/wp-content\/uploads\/2019\/02\/ripagreen_logo_sans_baseline2.png\" alt=\"\" class=\"wp-image-1124\"\/><\/figure>\n<\/div>\n<p>When created in 1922, Ateliers RIPPES first specialised in the design of welding equipment but then gradually acquired a significant amount of knowledge applicable to gas-operated equipment.<\/p>\n<p>In 1975, when  heat-shrinkable plastics appeared, the company developed a gun powered by LPG or natural gas to shrink packaging covers produced using this new  material. The RIPACK brand was created as a result.<\/p>\n<p>The patented \u201ccold nozzle\u201d technology which removes any risk of burning through contact enabled RIPACK to become the world leader in this market.<\/p>\n<p>The quality of the flame and the safety of the products, which proved to be a tremendous success in the market, is applicable to other applications such as plastic  trimming or flaming, road marking and thermal weed control.<\/p>\n<p>The \u201cLabb\u00e9\u201d law passed on 8 February 2014 which prohibited the use of phytosanitary products under certain conditions by public entities and individuals naturally led the company to put forward an innovative thermal weeding solution by creating a dedicated division called \u201cRIPAGREEN\u00ae\u201d.<\/p>\n<p>Forever investing in research and development, RIPACK guarantees to provide its users with innovative products suited to their applications.<\/p>\n<p>Website:<br \/> <a href=\"http:\/\/www.ripagreen.com\/\">http:\/\/www.ripagreen.com\/<\/a> <\/p>\n<figure class=\"wp-block-image\"><img loading=\"lazy\" decoding=\"async\" width=\"422\" height=\"78\" src=\"https:\/\/cleinvest.fi\/wp-content\/uploads\/2019\/10\/image14.jpeg\" alt=\"infraweeder\" class=\"wp-image-2114\" srcset=\"https:\/\/cleinvest.fi\/wp-content\/uploads\/2019\/10\/image14.jpeg 422w, https:\/\/cleinvest.fi\/wp-content\/uploads\/2019\/10\/image14-300x55.jpeg 300w\" sizes=\"auto, (max-width: 422px) 100vw, 422px\" \/><\/figure>\n<p><strong>InfraWeeder<\/strong> is suitable for controlling weeds and wild growth such as permanent paving and cobblestone surfaces, stone ash surfaces, seamless courtyards, gravel roads, terraces, parking lots, parks and sports areas, etc. <\/p>\n<p><strong>InfraWeeder <\/strong>rikkakasvien torjuntalaite perustuu kaasulla toimivaan keraamiseen<br \/>\npoltinelementtiin. Voimakas infrapunas\u00e4teily osuu kohdistetusti rikkakasveihin<br \/>\nja ilmassa levi\u00e4viin siemeniin, aiheuttaa niiden proteiinisolujen hajoamisen ja<br \/>\nk\u00e4ynnist\u00e4\u00e4 heti kasvin kuihtumisen. T\u00e4m\u00e4n voi havaita siit\u00e4, ett\u00e4 k\u00e4sitellyt<br \/>\nrikkakasvit muuttuvat tummanvihreiksi. Lehti\u00e4 ei tarvitse kuumentaa mustiksi<br \/>\nasti.<\/p>\n<p> Website:<br \/><a href=\"https:\/\/www.infraweeder.ch\/\">https:\/\/www.infraweeder.ch\/<\/a><\/p>\n<p>Manuals:<br \/><a href=\"https:\/\/www.infraweeder.ch\/xml_3\/internet\/de\/application\/d64\/f71.cfm\">https:\/\/www.infraweeder.ch\/xml_3\/internet\/de\/application\/d64\/f71.cfm<\/a><\/p>\n<\/div>\n<div class=\"wp-block-column is-layout-flow wp-block-column-is-layout-flow\">\n<figure class=\"wp-block-image\"><img loading=\"lazy\" decoding=\"async\" width=\"1024\" height=\"352\" src=\"https:\/\/cleinvest.fi\/wp-content\/uploads\/2019\/05\/Westermann-Logo-1024x352.png\" alt=\"westermann\" class=\"wp-image-1745\" srcset=\"https:\/\/cleinvest.fi\/wp-content\/uploads\/2019\/05\/Westermann-Logo-1024x352.png 1024w, https:\/\/cleinvest.fi\/wp-content\/uploads\/2019\/05\/Westermann-Logo-300x103.png 300w, https:\/\/cleinvest.fi\/wp-content\/uploads\/2019\/05\/Westermann-Logo-768x264.png 768w, https:\/\/cleinvest.fi\/wp-content\/uploads\/2019\/05\/Westermann-Logo-1200x412.png 1200w, https:\/\/cleinvest.fi\/wp-content\/uploads\/2019\/05\/Westermann-Logo-800x275.png 800w, https:\/\/cleinvest.fi\/wp-content\/uploads\/2019\/05\/Westermann-Logo-500x172.png 500w\" sizes=\"auto, (max-width: 1024px) 100vw, 1024px\" \/><\/figure>\n<p>Website:<br \/><a href=\"https:\/\/www.westermann-radialbesen.de\/en\/\">https:\/\/www.westermann-radialbesen.de\/en\/<\/a><\/p>\n<p>Manuals:<br \/><a href=\"https:\/\/www.westermann-radialbesen.de\/en\/products\/product-catalogues.html\">https:\/\/www.westermann-radialbesen.de\/en\/products\/product-catalogues.html<\/a> <\/p>\n<\/div>\n<\/div>\n","protected":false},"excerpt":{"rendered":"<p>Ecological weeding solutions HOT WATER HEAT MECHANICAL Environmental issues have always been at the heart of my concerns. So when the opportunity to implement solutions in line with these concerns came up seven years ago, I created OELIATEC. Engineer of training and trade, I could note in the frame of my past activity the cruel [&hellip;]<\/p>\n","protected":false},"author":1,"featured_media":0,"parent":0,"menu_order":0,"comment_status":"closed","ping_status":"closed","template":"template_builder.php","meta":{"footnotes":""},"class_list":["post-1232","page","type-page","status-publish","hentry","has-blocks"],"_links":{"self":[{"href":"https:\/\/cleinvest.fi\/en\/wp-json\/wp\/v2\/pages\/1232","targetHints":{"allow":["GET"]}}],"collection":[{"href":"https:\/\/cleinvest.fi\/en\/wp-json\/wp\/v2\/pages"}],"about":[{"href":"https:\/\/cleinvest.fi\/en\/wp-json\/wp\/v2\/types\/page"}],"author":[{"embeddable":true,"href":"https:\/\/cleinvest.fi\/en\/wp-json\/wp\/v2\/users\/1"}],"replies":[{"embeddable":true,"href":"https:\/\/cleinvest.fi\/en\/wp-json\/wp\/v2\/comments?post=1232"}],"version-history":[{"count":14,"href":"https:\/\/cleinvest.fi\/en\/wp-json\/wp\/v2\/pages\/1232\/revisions"}],"predecessor-version":[{"id":2222,"href":"https:\/\/cleinvest.fi\/en\/wp-json\/wp\/v2\/pages\/1232\/revisions\/2222"}],"wp:attachment":[{"href":"https:\/\/cleinvest.fi\/en\/wp-json\/wp\/v2\/media?parent=1232"}],"curies":[{"name":"wp","href":"https:\/\/api.w.org\/{rel}","templated":true}]}}